{"id":46753,"date":"2022-07-29T17:35:04","date_gmt":"2022-07-29T14:35:04","guid":{"rendered":"https:\/\/avtodom.md\/katalog\/toyota-highlander-2012-3-5-gaz-benzin-propan\/"},"modified":"2022-07-29T17:35:04","modified_gmt":"2022-07-29T14:35:04","slug":"toyota-highlander-2012-3-5-gaz-benzin-propan","status":"publish","type":"product","link":"https:\/\/avtodom.md\/ro\/katalog\/toyota-highlander-2012-3-5-gaz-benzin-propan\/","title":{"rendered":"Toyota Highlander &#8211; 2012, 3.5 \u0433\u0430\u0437 \/ \u0431\u0435\u043d\u0437\u0438\u043d (\u043f\u0440\u043e\u043f\u0430\u043d)"},"content":{"rendered":"<p>\u0414\u0430\u043d\u043d\u044b\u0439 \u0430\u0432\u0442\u043e\u043c\u043e\u0431\u0438\u043b\u044c \u043c\u043e\u0436\u043d\u043e \u043f\u0440\u0438\u043e\u0431\u0440\u0435\u0441\u0442\u0438 \u041d\u0410\u041b\u0418\u0427\u041d\u042b\u041c\u0418 \/ \u0432 \u041a\u0420\u0415\u0414\u0418\u0422 \/ \u0432 \u041b\u0418\u0417\u0418\u041d\u0413.<br \/>\n\u041e\u043a\u0430\u0437\u044b\u0432\u0430\u0435\u043c \u043f\u043e\u043c\u043e\u0449\u044c \u0432 \u043e\u0444\u043e\u0440\u043c\u043b\u0435\u043d\u0438\u0438 \u0434\u043e\u043a\u0443\u043c\u0435\u043d\u0442\u043e\u0432 \u043d\u0430 \u041a\u0420\u0415\u0414\u0418\u0422 \u0438 \u041b\u0418\u0417\u0418\u041d\u0413, \u041d\u0410 \u041c\u0415\u0421\u0422\u0415!<\/p>\n<p>\u0422\u0440\u0435\u0431\u0443\u0435\u0442\u0441\u044f \u0442\u043e\u043b\u044c\u043a\u043e:<br \/>\n\u0412\u0430\u0448 \u043f\u0430\u0441\u043f\u043e\u0440\u0442<br \/>\n\u0416\u0435\u043b\u0430\u043d\u0438\u0435 \u043f\u0440\u0438\u043e\u0431\u0440\u0435\u0441\u0442\u0438 \u0430\u0432\u0442\u043e\u043c\u043e\u0431\u0438\u043b\u044c<\/p>\n<p>\u041f\u0440\u0435\u0438\u043c\u0443\u0449\u0435\u0441\u0442\u0432\u0430:<br \/>\n\u0412\u044b \u043f\u0440\u0438\u043e\u0431\u0440\u0435\u0442\u0430\u0439\u0442\u0435 \u0430\u0432\u0442\u043e\u043c\u043e\u0431\u0438\u043b\u044c \u0431\u0435\u0437 \u0441\u043a\u0440\u044b\u0442\u044b\u0445 \u043f\u0440\u043e\u0431\u043b\u0435\u043c.<br \/>\n\u041f\u0440\u0438\u043e\u0431\u0440\u0435\u0442\u0451\u043d\u043d\u0430\u044f \u043c\u0430\u0448\u0438\u043d\u0430 \u0437\u0430\u0440\u0435\u0433\u0438\u0441\u0442\u0440\u0438\u0440\u043e\u0432\u0430\u043d\u0430 \u043d\u0435\u043f\u043e\u0441\u0440\u0435\u0434\u0441\u0442\u0432\u0435\u043d\u043d\u043e \u0432 \u0442\u043e\u0442 \u0436\u0435 \u0434\u0435\u043d\u044c \u043d\u0430 \u0432\u0430\u0441.<br \/>\n\u041f\u0440\u043e\u0446\u0435\u0434\u0443\u0440\u0430 \u0437\u0430\u043d\u0438\u043c\u0430\u0435\u0442 30 \u043c\u0438\u043d\u0443\u0442.<br \/>\n\u0412\u044b \u043c\u043e\u0436\u0435\u0442\u0435 \u0443\u0435\u0445\u0430\u0442\u044c \u0432 \u043b\u044e\u0431\u043e\u0435 \u0432\u0440\u0435\u043c\u044f \u0438 \u0432 \u043b\u044e\u0431\u043e\u0435 \u043c\u0435\u0441\u0442\u043e \u0437\u0430 \u0433\u0440\u0430\u043d\u0438\u0446\u0443 \u043d\u0430 \u0434\u0430\u043d\u043d\u043e\u043c \u0430\u0432\u0442\u043e\u043c\u043e\u0431\u0438\u043b\u0435, \u0432 \u0442\u043e\u0442 \u0436\u0435 \u043c\u043e\u043c\u0435\u043d\u0442 \u043a\u0430\u043a \u0432\u044b \u0432\u044b\u0439\u0434\u0435\u0442\u0435 \u0441 \u043d\u0430\u0448\u0435\u0439 \u043f\u0430\u0440\u043a\u043e\u0432\u043a\u0438.<br \/>\n\u0421\u0440\u043e\u043a \u043a\u0440\u0435\u0434\u0438\u0442\u0430 &#8211; \u0434\u043e 5 \u043b\u0435\u0442.<br \/>\n\u041c\u044b \u043a\u043e\u0440\u0440\u0435\u043a\u0442\u0438\u0440\u0443\u0435\u043c \u0433\u0440\u0430\u0444\u0438\u043a \u043f\u043b\u0430\u0442\u0435\u0436\u0435\u0439 \u043f\u043e \u0432\u0430\u0448\u0438\u043c \u043f\u043e\u0442\u0440\u0435\u0431\u043d\u043e\u0441\u0442\u044f\u043c &#8211; \u0432\u0441\u0435\u0433\u0434\u0430 \u0443\u0434\u043e\u0431\u043d\u044b\u0439 \u0438 \u0433\u0438\u0431\u043a\u0438\u0439 \u043f\u043b\u0430\u043d.<br \/>\n\u0412\u044b \u0432\u0441\u0435\u0433\u0434\u0430 \u043c\u043e\u0436\u0435\u0442\u0435 \u043f\u043e\u0437\u0432\u043e\u043d\u0438\u0442\u044c \u0432 \u043a\u043e\u043c\u043f\u0430\u043d\u0438\u044e Avtolux.md &#8221; \u0434\u043b\u044f \u0440\u0435\u043a\u043e\u043c\u0435\u043d\u0434\u0430\u0446\u0438\u0438 &#8211; \u0435\u0441\u043b\u0438 \u0432\u044b \u0438\u0449\u0435\u0442\u0435 \u0437\u0430\u043f\u0447\u0430\u0441\u0442\u0438 \u0438\u043b\u0438 \u0448\u0438\u043d\u044b.<\/p>\n<p>\u041c\u044b \u0441 \u043d\u0435\u0442\u0435\u0440\u043f\u0435\u043d\u0438\u0435\u043c \u0436\u0434\u0451\u043c \u0432\u0430\u0441 \u043f\u043e \u0430\u0434\u0440\u0435\u0441\u0443: \u0433. \u041a\u0438\u0448\u0438\u043d\u0435\u0432, \u0414\u0443\u043c\u0431\u0440\u0430\u0432\u0430 \u0443\u043b.\u0411\u0443\u0439\u043a\u0430\u043d\u044c 9\u0410 (\u0432\u044a\u0435\u0437\u0434 \u0441 \u0411\u0430\u043b\u043a\u0430\u043d\u0441\u043a\u043e\u0433\u043e \u0428\u043e\u0441\u0441\u0435)<\/p>\n<p>\u0422\u0430\u043a\u0436\u0435 \u0443\u0434\u043e\u0432\u043e\u043b\u044c\u0441\u0442\u0432\u0438\u0435\u043c \u0443\u0433\u043e\u0441\u0442\u0438\u043c \u0432\u0430\u0441 \u0441\u0432\u0435\u0436\u0435\u0439 \u0447\u0430\u0448\u0435\u0447\u043a\u043e\u0439 \u043a\u043e\u0444\u0435 \u0438 \u043e\u0442\u0432\u0435\u0442\u0438\u043c \u043d\u0430 \u0432\u0441\u0435 \u0438\u043d\u0442\u0435\u0440\u0435\u0441\u0443\u044e\u0449\u0438\u0435 \u0432\u0430\u0441 \u0432\u043e\u043f\u0440\u043e\u0441\u044b!<\/p>\n<p>\u0411\u043e\u043b\u044c\u0448\u0435 \u043c\u0430\u0440\u043e\u043a \u0438 \u043c\u043e\u0434\u0435\u043b\u0435\u0439 \u0430\u0432\u0442\u043e\u043c\u043e\u0431\u0438\u043b\u0435\u0439 \u0432\u044b \u043c\u043e\u0436\u0435\u0442\u0435 \u043d\u0430\u0439\u0442\u0438 \u043d\u0430:<br \/>\nWeb-Site:https:\/\/avtolux.md<br \/>\nInstagram: (\u0432\u0438\u0434\u0435\u043e \u043e\u0431\u0437\u043e\u0440 \u0430\u0432\u0442\u043e \u0442\u0443\u0442):<br \/>\nhttps:\/\/www.instagram.com\/p\/Cb2mx-lMcow\/?utm_medium=copy_link<\/p>\n<p>Automobilul dat poate fi procurat \u00een NUMERAR \/ CREDIT \/ LEASING.<br \/>\nAcord\u0103m ajutor la perfectarea documentelor pentru CREDIT \u0219i LEASING, PE LOC!<\/p>\n<p>Este nevoie doar de:<br \/>\nBuletinul dumneavoastr\u0103<br \/>\nDorin\u021ba de a procura automobil<\/p>\n<p>Avantajele:<br \/>\nProcura\u021bi automobil f\u0103r\u0103 probleme ascunse.<br \/>\nMa\u0219ina procurat\u0103 este \u00eenregistrat\u0103 direct, \u00een acea\u0219i zi, pe dvs.<br \/>\nProcedura dureaz\u0103 30 minute.<br \/>\nAve\u021bi posibilitatea s\u0103 pleca\u021bi oric\u00e2nd \u0219i oriunde peste hotare cu atomobilul dat, din momentul c\u00e2nd \u00eee\u0219i\u021bi de la parcarea noastr\u0103.<br \/>\nTermenul creditului \u2013 p\u00e2n\u0103 la 5 ani.<br \/>\nAjust\u0103m graficul pl\u0103\u021bilor dup\u0103 necesit\u0103\u021bile dvs, mereu comod \u0219i flexibil.<br \/>\nPute\u021bi mereu apela la compania Avtolux.md pentru o recomandare \u2013 dac\u0103 sunte\u021bi \u00een c\u0103utarea unor piese sau cauciucuri.<\/p>\n<p>V\u0103 a\u0219tept\u0103m cu mare drag la adresa: or. Chi\u0219in\u0103u, Dumbrava Buicani 9 A (Soseaua Balcani)<\/p>\n<p>V\u0103 servim cu cafea \u0219i suntem mereu la dispozi\u021bia dvs. p-u consultan\u021b\u0103!<\/p>\n","protected":false},"excerpt":{"rendered":"<p>\u0414\u0430\u043d\u043d\u044b\u0439 \u0430\u0432\u0442\u043e\u043c\u043e\u0431\u0438\u043b\u044c \u043c\u043e\u0436\u043d\u043e \u043f\u0440\u0438\u043e\u0431\u0440\u0435\u0441\u0442\u0438 \u041d\u0410\u041b\u0418\u0427\u041d\u042b\u041c\u0418 \/ \u0432 \u041a\u0420\u0415\u0414\u0418\u0422 \/ \u0432 \u041b\u0418\u0417\u0418\u041d\u0413. \u041e\u043a\u0430\u0437\u044b\u0432\u0430\u0435\u043c \u043f\u043e\u043c\u043e\u0449\u044c \u0432 \u043e\u0444\u043e\u0440\u043c\u043b\u0435\u043d\u0438\u0438 \u0434\u043e\u043a\u0443\u043c\u0435\u043d\u0442\u043e\u0432 \u043d\u0430 \u041a\u0420\u0415\u0414\u0418\u0422 \u0438 \u041b\u0418\u0417\u0418\u041d\u0413,<\/p>\n","protected":false},"featured_media":44645,"template":"","meta":[],"product_cat":[732],"product_tag":[733],"class_list":{"0":"post-46753","1":"product","2":"type-product","3":"status-publish","4":"has-post-thumbnail","6":"product_cat-v-nalichii-ro","7":"product_tag-in-stoc-ro","8":"pa_god-vipuska-2012-ro","9":"pa_kpp-automat","10":"pa_obiem-dvigatelia-3-500-ro","11":"pa_tip-topliva-gaz-benzin-propan-ro","13":"first","14":"instock","15":"shipping-taxable","16":"purchasable","17":"product-type-simple"},"yoast_head":"<!-- This site is optimized with the Yoast SEO plugin v24.1 - https:\/\/yoast.com\/wordpress\/plugins\/seo\/ -->\n<title>Toyota Highlander - 2012, 3.5 \u0433\u0430\u0437 \/ \u0431\u0435\u043d\u0437\u0438\u043d (\u043f\u0440\u043e\u043f\u0430\u043d)<\/title>\n<meta name=\"robots\" content=\"index, follow, max-snippet:-1, max-image-preview:large, max-video-preview:-1\" \/>\n<link rel=\"canonical\" href=\"https:\/\/avtodom.md\/ro\/katalog\/toyota-highlander-2012-3-5-gaz-benzin-propan\/\" \/>\n<meta property=\"og:locale\" content=\"ro_RO\" \/>\n<meta property=\"og:type\" content=\"article\" \/>\n<meta property=\"og:title\" content=\"Toyota Highlander - 2012, 3.5 \u0433\u0430\u0437 \/ \u0431\u0435\u043d\u0437\u0438\u043d (\u043f\u0440\u043e\u043f\u0430\u043d)\" \/>\n<meta property=\"og:description\" content=\"\u0414\u0430\u043d\u043d\u044b\u0439 \u0430\u0432\u0442\u043e\u043c\u043e\u0431\u0438\u043b\u044c \u043c\u043e\u0436\u043d\u043e \u043f\u0440\u0438\u043e\u0431\u0440\u0435\u0441\u0442\u0438 \u041d\u0410\u041b\u0418\u0427\u041d\u042b\u041c\u0418 \/ \u0432 \u041a\u0420\u0415\u0414\u0418\u0422 \/ \u0432 \u041b\u0418\u0417\u0418\u041d\u0413. \u041e\u043a\u0430\u0437\u044b\u0432\u0430\u0435\u043c \u043f\u043e\u043c\u043e\u0449\u044c \u0432 \u043e\u0444\u043e\u0440\u043c\u043b\u0435\u043d\u0438\u0438 \u0434\u043e\u043a\u0443\u043c\u0435\u043d\u0442\u043e\u0432 \u043d\u0430 \u041a\u0420\u0415\u0414\u0418\u0422 \u0438 \u041b\u0418\u0417\u0418\u041d\u0413,\" \/>\n<meta property=\"og:url\" content=\"https:\/\/avtodom.md\/ro\/katalog\/toyota-highlander-2012-3-5-gaz-benzin-propan\/\" \/>\n<meta property=\"og:site_name\" content=\"AVTODOM.MD\" \/>\n<meta property=\"og:image\" content=\"https:\/\/avtodom.md\/wp-content\/uploads\/2022\/07\/22aa5a455122e5611583d0a94c11a447-1.jpg\" \/>\n\t<meta property=\"og:image:width\" content=\"960\" \/>\n\t<meta property=\"og:image:height\" content=\"1280\" \/>\n\t<meta property=\"og:image:type\" content=\"image\/jpeg\" \/>\n<meta name=\"twitter:card\" content=\"summary_large_image\" \/>\n<!-- \/ Yoast SEO plugin. -->","yoast_head_json":{"title":"Toyota Highlander - 2012, 3.5 \u0433\u0430\u0437 \/ \u0431\u0435\u043d\u0437\u0438\u043d (\u043f\u0440\u043e\u043f\u0430\u043d)","robots":{"index":"index","follow":"follow","max-snippet":"max-snippet:-1","max-image-preview":"max-image-preview:large","max-video-preview":"max-video-preview:-1"},"canonical":"https:\/\/avtodom.md\/ro\/katalog\/toyota-highlander-2012-3-5-gaz-benzin-propan\/","og_locale":"ro_RO","og_type":"article","og_title":"Toyota Highlander - 2012, 3.5 \u0433\u0430\u0437 \/ \u0431\u0435\u043d\u0437\u0438\u043d (\u043f\u0440\u043e\u043f\u0430\u043d)","og_description":"\u0414\u0430\u043d\u043d\u044b\u0439 \u0430\u0432\u0442\u043e\u043c\u043e\u0431\u0438\u043b\u044c \u043c\u043e\u0436\u043d\u043e \u043f\u0440\u0438\u043e\u0431\u0440\u0435\u0441\u0442\u0438 \u041d\u0410\u041b\u0418\u0427\u041d\u042b\u041c\u0418 \/ \u0432 \u041a\u0420\u0415\u0414\u0418\u0422 \/ \u0432 \u041b\u0418\u0417\u0418\u041d\u0413. \u041e\u043a\u0430\u0437\u044b\u0432\u0430\u0435\u043c \u043f\u043e\u043c\u043e\u0449\u044c \u0432 \u043e\u0444\u043e\u0440\u043c\u043b\u0435\u043d\u0438\u0438 \u0434\u043e\u043a\u0443\u043c\u0435\u043d\u0442\u043e\u0432 \u043d\u0430 \u041a\u0420\u0415\u0414\u0418\u0422 \u0438 \u041b\u0418\u0417\u0418\u041d\u0413,","og_url":"https:\/\/avtodom.md\/ro\/katalog\/toyota-highlander-2012-3-5-gaz-benzin-propan\/","og_site_name":"AVTODOM.MD","og_image":[{"width":960,"height":1280,"url":"https:\/\/avtodom.md\/wp-content\/uploads\/2022\/07\/22aa5a455122e5611583d0a94c11a447-1.jpg","type":"image\/jpeg"}],"twitter_card":"summary_large_image","schema":{"@context":"https:\/\/schema.org","@graph":[{"@type":"WebPage","@id":"https:\/\/avtodom.md\/ro\/katalog\/toyota-highlander-2012-3-5-gaz-benzin-propan\/","url":"https:\/\/avtodom.md\/ro\/katalog\/toyota-highlander-2012-3-5-gaz-benzin-propan\/","name":"Toyota Highlander - 2012, 3.5 \u0433\u0430\u0437 \/ \u0431\u0435\u043d\u0437\u0438\u043d (\u043f\u0440\u043e\u043f\u0430\u043d)","isPartOf":{"@id":"https:\/\/avtodom.md\/ro\/#website"},"primaryImageOfPage":{"@id":"https:\/\/avtodom.md\/ro\/katalog\/toyota-highlander-2012-3-5-gaz-benzin-propan\/#primaryimage"},"image":{"@id":"https:\/\/avtodom.md\/ro\/katalog\/toyota-highlander-2012-3-5-gaz-benzin-propan\/#primaryimage"},"thumbnailUrl":"https:\/\/avtodom.md\/wp-content\/uploads\/2022\/07\/22aa5a455122e5611583d0a94c11a447-1.jpg","datePublished":"2022-07-29T14:35:04+00:00","dateModified":"2022-07-29T14:35:04+00:00","breadcrumb":{"@id":"https:\/\/avtodom.md\/ro\/katalog\/toyota-highlander-2012-3-5-gaz-benzin-propan\/#breadcrumb"},"inLanguage":"ro-RO","potentialAction":[{"@type":"ReadAction","target":["https:\/\/avtodom.md\/ro\/katalog\/toyota-highlander-2012-3-5-gaz-benzin-propan\/"]}]},{"@type":"ImageObject","inLanguage":"ro-RO","@id":"https:\/\/avtodom.md\/ro\/katalog\/toyota-highlander-2012-3-5-gaz-benzin-propan\/#primaryimage","url":"https:\/\/avtodom.md\/wp-content\/uploads\/2022\/07\/22aa5a455122e5611583d0a94c11a447-1.jpg","contentUrl":"https:\/\/avtodom.md\/wp-content\/uploads\/2022\/07\/22aa5a455122e5611583d0a94c11a447-1.jpg","width":960,"height":1280},{"@type":"BreadcrumbList","@id":"https:\/\/avtodom.md\/ro\/katalog\/toyota-highlander-2012-3-5-gaz-benzin-propan\/#breadcrumb","itemListElement":[{"@type":"ListItem","position":1,"name":"Home","item":"https:\/\/avtodom.md\/ro\/"},{"@type":"ListItem","position":2,"name":"Catalog","item":"https:\/\/avtodom.md\/ro\/shop\/"},{"@type":"ListItem","position":3,"name":"Toyota Highlander &#8211; 2012, 3.5 \u0433\u0430\u0437 \/ \u0431\u0435\u043d\u0437\u0438\u043d (\u043f\u0440\u043e\u043f\u0430\u043d)"}]},{"@type":"WebSite","@id":"https:\/\/avtodom.md\/ro\/#website","url":"https:\/\/avtodom.md\/ro\/","name":"AVTODOM.MD","description":"\u041f\u0440\u043e\u0444\u0435\u0441\u0441\u0438\u043e\u043d\u0430\u043b\u044c\u043d\u044b\u0435 \u0443\u0441\u043b\u0443\u0433\u0438 \u043f\u043e \u043f\u043e\u0438\u0441\u043a\u0443, \u043f\u043e\u0434\u0431\u043e\u0440\u0443, \u043f\u043e\u043a\u0443\u043f\u043a\u0435, \u043e\u0444\u043e\u0440\u043c\u043b\u0435\u043d\u0438\u044e \u0434\u043e\u043a\u0443\u043c\u0435\u043d\u0442\u043e\u0432 \u043f\u043e \u0440\u0430\u0441\u0442\u0430\u043c\u043e\u0436\u043a\u0438 \u0438 \u0434\u043e\u0441\u0442\u0430\u0432\u043a\u0435 \u0430\u0432\u0442\u043e\u043c\u043e\u0431\u0438\u043b\u0435\u0439 \u0438\u0437 \u0415\u0432\u0440\u043e\u043f\u044b, \u0413\u0440\u0443\u0437\u0438\u0438, \u0430 \u0442\u0430\u043a\u0436\u0435 \u0421\u0428\u0410 \u0432 \u041c\u043e\u043b\u0434\u043e\u0432\u0443 \u0438 \u0423\u043a\u0440\u0430\u0438\u043d\u0443.","publisher":{"@id":"https:\/\/avtodom.md\/ro\/#organization"},"potentialAction":[{"@type":"SearchAction","target":{"@type":"EntryPoint","urlTemplate":"https:\/\/avtodom.md\/ro\/?s={search_term_string}"},"query-input":{"@type":"PropertyValueSpecification","valueRequired":true,"valueName":"search_term_string"}}],"inLanguage":"ro-RO"},{"@type":"Organization","@id":"https:\/\/avtodom.md\/ro\/#organization","name":"Avtodom.md","url":"https:\/\/avtodom.md\/ro\/","logo":{"@type":"ImageObject","inLanguage":"ro-RO","@id":"https:\/\/avtodom.md\/ro\/#\/schema\/logo\/image\/","url":"https:\/\/avtodom.md\/wp-content\/uploads\/2022\/04\/cropped-flavicon_avtodom.png","contentUrl":"https:\/\/avtodom.md\/wp-content\/uploads\/2022\/04\/cropped-flavicon_avtodom.png","width":512,"height":512,"caption":"Avtodom.md"},"image":{"@id":"https:\/\/avtodom.md\/ro\/#\/schema\/logo\/image\/"}}]}},"_links":{"self":[{"href":"https:\/\/avtodom.md\/ro\/wp-json\/wp\/v2\/product\/46753","targetHints":{"allow":["GET"]}}],"collection":[{"href":"https:\/\/avtodom.md\/ro\/wp-json\/wp\/v2\/product"}],"about":[{"href":"https:\/\/avtodom.md\/ro\/wp-json\/wp\/v2\/types\/product"}],"wp:featuredmedia":[{"embeddable":true,"href":"https:\/\/avtodom.md\/ro\/wp-json\/wp\/v2\/media\/44645"}],"wp:attachment":[{"href":"https:\/\/avtodom.md\/ro\/wp-json\/wp\/v2\/media?parent=46753"}],"wp:term":[{"taxonomy":"product_cat","embeddable":true,"href":"https:\/\/avtodom.md\/ro\/wp-json\/wp\/v2\/product_cat?post=46753"},{"taxonomy":"product_tag","embeddable":true,"href":"https:\/\/avtodom.md\/ro\/wp-json\/wp\/v2\/product_tag?post=46753"}],"curies":[{"name":"wp","href":"https:\/\/api.w.org\/{rel}","templated":true}]}}